{"id":7477,"date":"2023-12-22T16:31:03","date_gmt":"2023-12-22T15:31:03","guid":{"rendered":"https:\/\/vinotag-app.com\/?page_id=7477"},"modified":"2024-11-12T16:06:39","modified_gmt":"2024-11-12T15:06:39","slug":"eleccion-f-a-q","status":"publish","type":"page","link":"https:\/\/vinotag-app.com\/index.php\/es\/eleccion-f-a-q\/","title":{"rendered":"Elecci\u00f3n F.A.Q."},"content":{"rendered":"\t\t<div data-elementor-type=\"wp-page\" data-elementor-id=\"7477\" class=\"elementor elementor-7477\">\n\t\t\t\t\t\t<section class=\"elementor-section elementor-top-section elementor-element elementor-element-mh7rxzx elementor-section-boxed elementor-section-height-default elementor-section-height-default\" data-id=\"mh7rxzx\" data-element_type=\"section\">\n\t\t\t\t\t\t<div class=\"elementor-container elementor-column-gap-no\">\n\t\t\t\t\t<div class=\"elementor-column elementor-col-100 elementor-top-column elementor-element elementor-element-b7f09da\" data-id=\"b7f09da\" data-element_type=\"column\">\n\t\t\t<div class=\"elementor-widget-wrap elementor-element-populated\">\n\t\t\t\t\t\t<div class=\"elementor-element elementor-element-0138829 elementor-widget elementor-widget-heading\" data-id=\"0138829\" data-element_type=\"widget\" data-widget_type=\"heading.default\">\n\t\t\t\t<div class=\"elementor-widget-container\">\n\t\t\t<h2 class=\"elementor-heading-title elementor-size-default\">Elija entre:<\/h2>\t\t<\/div>\n\t\t\t\t<\/div>\n\t\t\t\t<div class=\"elementor-element elementor-element-39a5a8d elementor-widget-divider--view-line elementor-widget elementor-widget-divider\" data-id=\"39a5a8d\" data-element_type=\"widget\" data-widget_type=\"divider.default\">\n\t\t\t\t<div class=\"elementor-widget-container\">\n\t\t\t\t\t<div class=\"elementor-divider\">\n\t\t\t<span class=\"elementor-divider-separator\">\n\t\t\t\t\t\t<\/span>\n\t\t<\/div>\n\t\t\t\t<\/div>\n\t\t\t\t<\/div>\n\t\t\t\t\t<\/div>\n\t\t<\/div>\n\t\t\t\t\t<\/div>\n\t\t<\/section>\n\t\t\t\t<section class=\"elementor-section elementor-top-section elementor-element elementor-element-yvxgqfk elementor-section-full_width elementor-section-height-default elementor-section-height-default\" data-id=\"yvxgqfk\" data-element_type=\"section\" id=\"acoustic\" data-settings=\"{&quot;background_background&quot;:&quot;classic&quot;}\">\n\t\t\t\t\t\t<div class=\"elementor-container elementor-column-gap-default\">\n\t\t\t\t\t<div class=\"elementor-column elementor-col-100 elementor-top-column elementor-element elementor-element-9d6fda8\" data-id=\"9d6fda8\" data-element_type=\"column\">\n\t\t\t<div class=\"elementor-widget-wrap elementor-element-populated\">\n\t\t\t\t\t\t<section class=\"elementor-section elementor-inner-section elementor-element elementor-element-41732b5 elementor-section-boxed elementor-section-height-default elementor-section-height-default\" data-id=\"41732b5\" data-element_type=\"section\">\n\t\t\t\t\t\t<div class=\"elementor-container elementor-column-gap-no\">\n\t\t\t\t\t<div class=\"elementor-column elementor-col-33 elementor-inner-column elementor-element elementor-element-f11f5d6\" data-id=\"f11f5d6\" data-element_type=\"column\">\n\t\t\t<div class=\"elementor-widget-wrap elementor-element-populated\">\n\t\t\t\t\t\t<div class=\"elementor-element elementor-element-6b1b8a2 elementor-widget elementor-widget-heading\" data-id=\"6b1b8a2\" data-element_type=\"widget\" data-widget_type=\"heading.default\">\n\t\t\t\t<div class=\"elementor-widget-container\">\n\t\t\t<h4 class=\"elementor-heading-title elementor-size-default\">Vinotecas ECELLAR<\/h4>\t\t<\/div>\n\t\t\t\t<\/div>\n\t\t\t\t<div class=\"elementor-element elementor-element-bfdcc3a elementor-widget elementor-widget-image\" data-id=\"bfdcc3a\" data-element_type=\"widget\" data-widget_type=\"image.default\">\n\t\t\t\t<div class=\"elementor-widget-container\">\n\t\t\t\t\t\t\t\t\t\t\t\t\t\t<a href=\"https:\/\/vinotag-app.com\/index.php\/faq-cave-connecte\/\">\n\t\t\t\t\t\t\t<img fetchpriority=\"high\" width=\"560\" height=\"725\" src=\"https:\/\/vinotag-app.com\/wp-content\/uploads\/2021\/07\/cave-a-vin-connectee-intelligente-ecellar185-185-bouteilles.jpg\" class=\"attachment-full size-full wp-image-4352\" alt=\"\" srcset=\"https:\/\/vinotag-app.com\/wp-content\/uploads\/2021\/07\/cave-a-vin-connectee-intelligente-ecellar185-185-bouteilles.jpg 560w, https:\/\/vinotag-app.com\/wp-content\/uploads\/2021\/07\/cave-a-vin-connectee-intelligente-ecellar185-185-bouteilles-232x300.jpg 232w\" sizes=\"(max-width: 560px) 100vw, 560px\" \/>\t\t\t\t\t\t\t\t<\/a>\n\t\t\t\t\t\t\t\t\t\t\t\t\t<\/div>\n\t\t\t\t<\/div>\n\t\t\t\t<div class=\"elementor-element elementor-element-54b9df9 elementor-widget elementor-widget-heading\" data-id=\"54b9df9\" data-element_type=\"widget\" data-widget_type=\"heading.default\">\n\t\t\t\t<div class=\"elementor-widget-container\">\n\t\t\t<h6 class=\"elementor-heading-title elementor-size-default\">ECELLAR185 &amp; ECELLAR150<br><\/h6>\t\t<\/div>\n\t\t\t\t<\/div>\n\t\t\t\t<div class=\"elementor-element elementor-element-2e200d2 elementor-align-center elementor-widget elementor-widget-button\" data-id=\"2e200d2\" data-element_type=\"widget\" data-widget_type=\"button.default\">\n\t\t\t\t<div class=\"elementor-widget-container\">\n\t\t\t\t\t<div class=\"elementor-button-wrapper\">\n\t\t\t<a class=\"elementor-button elementor-button-link elementor-size-sm\" href=\"https:\/\/vinotag-app.com\/index.php\/es\/vinotecas-conectadas-f-a-q-ecellar\/\">\n\t\t\t\t\t\t<span class=\"elementor-button-content-wrapper\">\n\t\t\t\t\t\t<span class=\"elementor-button-icon\">\n\t\t\t\t<i aria-hidden=\"true\" class=\"fas fa-long-arrow-alt-right\"><\/i>\t\t\t<\/span>\n\t\t\t\t\t\t\t\t\t<span class=\"elementor-button-text\">acceder al f.a.q<\/span>\n\t\t\t\t\t<\/span>\n\t\t\t\t\t<\/a>\n\t\t<\/div>\n\t\t\t\t<\/div>\n\t\t\t\t<\/div>\n\t\t\t\t\t<\/div>\n\t\t<\/div>\n\t\t\t\t<div class=\"elementor-column elementor-col-33 elementor-inner-column elementor-element elementor-element-7d99b7a\" data-id=\"7d99b7a\" data-element_type=\"column\">\n\t\t\t<div class=\"elementor-widget-wrap elementor-element-populated\">\n\t\t\t\t\t\t<div class=\"elementor-element elementor-element-f1c9cdb elementor-widget elementor-widget-heading\" data-id=\"f1c9cdb\" data-element_type=\"widget\" data-widget_type=\"heading.default\">\n\t\t\t\t<div class=\"elementor-widget-container\">\n\t\t\t<h4 class=\"elementor-heading-title elementor-size-default\">Vinotecas conectadas con mando a distancia<\/h4>\t\t<\/div>\n\t\t\t\t<\/div>\n\t\t\t\t<div class=\"elementor-element elementor-element-a1b8ee5 elementor-widget elementor-widget-image\" data-id=\"a1b8ee5\" data-element_type=\"widget\" data-widget_type=\"image.default\">\n\t\t\t\t<div class=\"elementor-widget-container\">\n\t\t\t\t\t\t\t\t\t\t\t\t\t\t<a href=\"https:\/\/vinotag-app.com\/index.php\/f-a-q-cave-apogee\/\">\n\t\t\t\t\t\t\t<img width=\"772\" height=\"1000\" src=\"https:\/\/vinotag-app.com\/wp-content\/uploads\/2023\/03\/MILLESIME240D-PF-cote.jpg\" class=\"attachment-full size-full wp-image-7002\" alt=\"\" srcset=\"https:\/\/vinotag-app.com\/wp-content\/uploads\/2023\/03\/MILLESIME240D-PF-cote.jpg 772w, https:\/\/vinotag-app.com\/wp-content\/uploads\/2023\/03\/MILLESIME240D-PF-cote-232x300.jpg 232w, https:\/\/vinotag-app.com\/wp-content\/uploads\/2023\/03\/MILLESIME240D-PF-cote-768x995.jpg 768w\" sizes=\"(max-width: 772px) 100vw, 772px\" \/>\t\t\t\t\t\t\t\t<\/a>\n\t\t\t\t\t\t\t\t\t\t\t\t\t<\/div>\n\t\t\t\t<\/div>\n\t\t\t\t<div class=\"elementor-element elementor-element-8831efb elementor-widget elementor-widget-heading\" data-id=\"8831efb\" data-element_type=\"widget\" data-widget_type=\"heading.default\">\n\t\t\t\t<div class=\"elementor-widget-container\">\n\t\t\t<h6 class=\"elementor-heading-title elementor-size-default\">CLIMADIFF, LA SOMMELI\u00c8RE, Avintage<\/h6>\t\t<\/div>\n\t\t\t\t<\/div>\n\t\t\t\t<div class=\"elementor-element elementor-element-e2279d9 elementor-align-center elementor-widget elementor-widget-button\" data-id=\"e2279d9\" data-element_type=\"widget\" data-widget_type=\"button.default\">\n\t\t\t\t<div class=\"elementor-widget-container\">\n\t\t\t\t\t<div class=\"elementor-button-wrapper\">\n\t\t\t<a class=\"elementor-button elementor-button-link elementor-size-sm\" href=\"https:\/\/vinotag-app.com\/index.php\/es\/control-remoto-de-vinotecas-conectadas-f-a-q\/\">\n\t\t\t\t\t\t<span class=\"elementor-button-content-wrapper\">\n\t\t\t\t\t\t<span class=\"elementor-button-icon\">\n\t\t\t\t<i aria-hidden=\"true\" class=\"fas fa-long-arrow-alt-right\"><\/i>\t\t\t<\/span>\n\t\t\t\t\t\t\t\t\t<span class=\"elementor-button-text\">acceder al f.a.q<\/span>\n\t\t\t\t\t<\/span>\n\t\t\t\t\t<\/a>\n\t\t<\/div>\n\t\t\t\t<\/div>\n\t\t\t\t<\/div>\n\t\t\t\t\t<\/div>\n\t\t<\/div>\n\t\t\t\t<div class=\"elementor-column elementor-col-33 elementor-inner-column elementor-element elementor-element-1350aca\" data-id=\"1350aca\" data-element_type=\"column\">\n\t\t\t<div class=\"elementor-widget-wrap elementor-element-populated\">\n\t\t\t\t\t\t<div class=\"elementor-element elementor-element-518e468 elementor-widget elementor-widget-heading\" data-id=\"518e468\" data-element_type=\"widget\" data-widget_type=\"heading.default\">\n\t\t\t\t<div class=\"elementor-widget-container\">\n\t\t\t<h4 class=\"elementor-heading-title elementor-size-default\">Vinotecas sin conexi\u00f3n<\/h4>\t\t<\/div>\n\t\t\t\t<\/div>\n\t\t\t\t<div class=\"elementor-element elementor-element-0346746 elementor-widget elementor-widget-image\" data-id=\"0346746\" data-element_type=\"widget\" data-widget_type=\"image.default\">\n\t\t\t\t<div class=\"elementor-widget-container\">\n\t\t\t\t\t\t\t\t\t\t\t\t\t\t<a href=\"https:\/\/vinotag-app.comhttps:\/\/vinotag-app.com\/index.php\/es\/f-a-q-vinotecas-no-conectada\/\/index.php\/f-a-q-cave-non-connecte\/\">\n\t\t\t\t\t\t\t<img width=\"560\" height=\"725\" src=\"https:\/\/vinotag-app.com\/wp-content\/uploads\/2021\/07\/vip196-sommeliere.jpg\" class=\"attachment-full size-full wp-image-4365\" alt=\"\" srcset=\"https:\/\/vinotag-app.com\/wp-content\/uploads\/2021\/07\/vip196-sommeliere.jpg 560w, https:\/\/vinotag-app.com\/wp-content\/uploads\/2021\/07\/vip196-sommeliere-232x300.jpg 232w\" sizes=\"(max-width: 560px) 100vw, 560px\" \/>\t\t\t\t\t\t\t\t<\/a>\n\t\t\t\t\t\t\t\t\t\t\t\t\t<\/div>\n\t\t\t\t<\/div>\n\t\t\t\t<div class=\"elementor-element elementor-element-446edc8 elementor-widget elementor-widget-heading\" data-id=\"446edc8\" data-element_type=\"widget\" data-widget_type=\"heading.default\">\n\t\t\t\t<div class=\"elementor-widget-container\">\n\t\t\t<h6 class=\"elementor-heading-title elementor-size-default\">CLIMADIFF, la sommeli\u00e8re, avintage ...<\/h6>\t\t<\/div>\n\t\t\t\t<\/div>\n\t\t\t\t<div class=\"elementor-element elementor-element-33b7aa9 elementor-align-center elementor-widget elementor-widget-button\" data-id=\"33b7aa9\" data-element_type=\"widget\" data-widget_type=\"button.default\">\n\t\t\t\t<div class=\"elementor-widget-container\">\n\t\t\t\t\t<div class=\"elementor-button-wrapper\">\n\t\t\t<a class=\"elementor-button elementor-button-link elementor-size-sm\" href=\"https:\/\/vinotag-app.com\/index.php\/es\/f-a-q-vinotecas-no-conectada\/\">\n\t\t\t\t\t\t<span class=\"elementor-button-content-wrapper\">\n\t\t\t\t\t\t<span class=\"elementor-button-icon\">\n\t\t\t\t<i aria-hidden=\"true\" class=\"fas fa-long-arrow-alt-right\"><\/i>\t\t\t<\/span>\n\t\t\t\t\t\t\t\t\t<span class=\"elementor-button-text\">acceder al f.a.q<\/span>\n\t\t\t\t\t<\/span>\n\t\t\t\t\t<\/a>\n\t\t<\/div>\n\t\t\t\t<\/div>\n\t\t\t\t<\/div>\n\t\t\t\t\t<\/div>\n\t\t<\/div>\n\t\t\t\t\t<\/div>\n\t\t<\/section>\n\t\t\t\t\t<\/div>\n\t\t<\/div>\n\t\t\t\t\t<\/div>\n\t\t<\/section>\n\t\t\t\t<\/div>\n\t\t","protected":false},"excerpt":{"rendered":"<p>Elija entre: Vinotecas ECELLAR ECELLAR185 &amp; ECELLAR150 acceder al f.a.q Vinotecas conectadas con mando a distancia CLIMADIFF, LA SOMMELI\u00c8RE, Avintage acceder al f.a.q Vinotecas sin conexi\u00f3n CLIMADIFF, la sommeli\u00e8re, avintage &#8230; acceder al f.a.q<\/p>\n","protected":false},"author":1,"featured_media":0,"parent":0,"menu_order":0,"comment_status":"closed","ping_status":"closed","template":"","meta":{"site-sidebar-layout":"no-sidebar","site-content-layout":"page-builder","ast-site-content-layout":"full-width-container","site-content-style":"unboxed","site-sidebar-style":"unboxed","ast-global-header-display":"","ast-banner-title-visibility":"","ast-main-header-display":"","ast-hfb-above-header-display":"","ast-hfb-below-header-display":"","ast-hfb-mobile-header-display":"","site-post-title":"disabled","ast-breadcrumbs-content":"","ast-featured-img":"disabled","footer-sml-layout":"","ast-disable-related-posts":"","theme-transparent-header-meta":"default","adv-header-id-meta":"","stick-header-meta":"","header-above-stick-meta":"","header-main-stick-meta":"","header-below-stick-meta":"","astra-migrate-meta-layouts":"set","ast-page-background-enabled":"default","ast-page-background-meta":{"desktop":{"background-color":"var(--ast-global-color-4)","background-image":"","background-repeat":"repeat","background-position":"center center","background-size":"auto","background-attachment":"scroll","background-type":"","background-media":"","overlay-type":"","overlay-color":"","overlay-opacity":"","overlay-gradient":""},"tablet":{"background-color":"","background-image":"","background-repeat":"repeat","background-position":"center center","background-size":"auto","background-attachment":"scroll","background-type":"","background-media":"","overlay-type":"","overlay-color":"","overlay-opacity":"","overlay-gradient":""},"mobile":{"background-color":"","background-image":"","background-repeat":"repeat","background-position":"center center","background-size":"auto","background-attachment":"scroll","background-type":"","background-media":"","overlay-type":"","overlay-color":"","overlay-opacity":"","overlay-gradient":""}},"ast-content-background-meta":{"desktop":{"background-color":"var(--ast-global-color-5)","background-image":"","background-repeat":"repeat","background-position":"center center","background-size":"auto","background-attachment":"scroll","background-type":"","background-media":"","overlay-type":"","overlay-color":"","overlay-opacity":"","overlay-gradient":""},"tablet":{"background-color":"var(--ast-global-color-5)","background-image":"","background-repeat":"repeat","background-position":"center center","background-size":"auto","background-attachment":"scroll","background-type":"","background-media":"","overlay-type":"","overlay-color":"","overlay-opacity":"","overlay-gradient":""},"mobile":{"background-color":"var(--ast-global-color-5)","background-image":"","background-repeat":"repeat","background-position":"center center","background-size":"auto","background-attachment":"scroll","background-type":"","background-media":"","overlay-type":"","overlay-color":"","overlay-opacity":"","overlay-gradient":""}}},"_links":{"self":[{"href":"https:\/\/vinotag-app.com\/index.php\/wp-json\/wp\/v2\/pages\/7477"}],"collection":[{"href":"https:\/\/vinotag-app.com\/index.php\/wp-json\/wp\/v2\/pages"}],"about":[{"href":"https:\/\/vinotag-app.com\/index.php\/wp-json\/wp\/v2\/types\/page"}],"author":[{"embeddable":true,"href":"https:\/\/vinotag-app.com\/index.php\/wp-json\/wp\/v2\/users\/1"}],"replies":[{"embeddable":true,"href":"https:\/\/vinotag-app.com\/index.php\/wp-json\/wp\/v2\/comments?post=7477"}],"version-history":[{"count":25,"href":"https:\/\/vinotag-app.com\/index.php\/wp-json\/wp\/v2\/pages\/7477\/revisions"}],"predecessor-version":[{"id":8232,"href":"https:\/\/vinotag-app.com\/index.php\/wp-json\/wp\/v2\/pages\/7477\/revisions\/8232"}],"wp:attachment":[{"href":"https:\/\/vinotag-app.com\/index.php\/wp-json\/wp\/v2\/media?parent=7477"}],"curies":[{"name":"wp","href":"https:\/\/api.w.org\/{rel}","templated":true}]}}